{"id":87,"date":"2023-08-02T12:00:00","date_gmt":"2023-08-02T10:00:00","guid":{"rendered":"https:\/\/40-ppp.de\/tjinusa\/?page_id=87"},"modified":"2024-09-08T15:22:52","modified_gmt":"2024-09-08T13:22:52","slug":"ppp","status":"publish","type":"page","link":"https:\/\/40-ppp.de\/tjinusa\/ppp\/","title":{"rendered":"Infos zum PPP"},"content":{"rendered":"\t\t<div data-elementor-type=\"wp-page\" data-elementor-id=\"87\" class=\"elementor elementor-87\">\n\t\t\t\t\t\t<section data-particle_enable=\"false\" data-particle-mobile-disabled=\"false\" class=\"elementor-section elementor-top-section elementor-element elementor-element-5f5b762 elementor-section-boxed elementor-section-height-default elementor-section-height-default\" data-id=\"5f5b762\" data-element_type=\"section\" data-e-type=\"section\">\n\t\t\t\t\t\t<div class=\"elementor-container elementor-column-gap-default\">\n\t\t\t\t\t<div class=\"elementor-column elementor-col-100 elementor-top-column elementor-element elementor-element-1933f51\" data-id=\"1933f51\" data-element_type=\"column\" data-e-type=\"column\">\n\t\t\t<div class=\"elementor-widget-wrap elementor-element-populated\">\n\t\t\t\t\t\t<div class=\"elementor-element elementor-element-cc16211 elementor-widget elementor-widget-text-editor\" data-id=\"cc16211\" data-element_type=\"widget\" data-e-type=\"widget\" data-widget_type=\"text-editor.default\">\n\t\t\t\t<div class=\"elementor-widget-container\">\n\t\t\t\t\t\t\t\t\t<p style=\"font-weight: 400;text-align: left\">Das <strong>Parlamentarische Patenschafts-Programm (PPP) f\u00fcr junge Berufst\u00e4tige<\/strong> ist ein deutsch-amerikanisches Austauschprogramm, das vom Deutschen Bundestag und dem US-Kongress gef\u00f6rdert und von Cultural Vistas gGmbH durchgef\u00fchrt wird.<\/p><p><strong>Zielgruppe<\/strong> des Programms sind junge Menschen mit abgeschlossener Berufsausbildung. Das PPP f\u00fcr junge Berufst\u00e4tige ist damit eines weniger Austauschprogramme, das Absolvent:innen einer Berufsausbildung die M\u00f6glichkeit bietet, sich mit einem internationalem Auslandaufenthalt beruflich weiterzubilden und interkulturelle Kompetenz zu erlangen.<\/p><p>Im Jahr 1983 als Zeichen der deutsch-amerikanischen Freundschaft ins Leben gerufen ist das PPP einer der \u00e4ltesten<strong>transatlantischen Austauschpartnerschaften<\/strong>. Jedes Jahr erhalten 75 deutsche und 75 US-amerikanische Berufsschulabsolvent:innen das begehrte Stipendium.<\/p><p style=\"font-weight: 400\">Das Stipendium gliedert sich in vier Monate Studium an einem US-amerikanischen College und sechs Monate Praktikum in einem Betrieb. Die Teilnehmenden sind w\u00e4hrend des gesamten Jahres in Gastfamilien untergebracht und engagieren sich ehrenamtlich vor Ort. Durch diese <strong>vielf\u00e4ltigen Programmelemente<\/strong> f\u00f6rdert das PPP den Austausch in allen Lebensbereichen: Sei es in ihren Gastfamilien oder Platzierungsorten, an ihren Colleges oder Arbeitspl\u00e4tzen \u2013 die PPPler:innen tragen in ihrer Rolle als Juniorbotschafter:innen Deutschlands zum kulturellen, gesellschaftlichen und politischen Verst\u00e4ndnis bei und lernen, was Deutschland und die USA verbindet und unterscheidet.<\/p><p><img fetchpriority=\"high\" decoding=\"async\" class=\"aligncenter size-large wp-image-92\" src=\"https:\/\/40-ppp.de\/tjinusa\/wp-content\/uploads\/sites\/8\/2023\/07\/6FAA66F6-A05F-4B0A-936E-664B24649783-e1690821627261-1024x240.png\" alt=\"\" width=\"800\" height=\"188\" srcset=\"https:\/\/40-ppp.de\/tjinusa\/wp-content\/uploads\/sites\/8\/2023\/07\/6FAA66F6-A05F-4B0A-936E-664B24649783-e1690821627261-1024x240.png 1024w, https:\/\/40-ppp.de\/tjinusa\/wp-content\/uploads\/sites\/8\/2023\/07\/6FAA66F6-A05F-4B0A-936E-664B24649783-e1690821627261-300x70.png 300w, https:\/\/40-ppp.de\/tjinusa\/wp-content\/uploads\/sites\/8\/2023\/07\/6FAA66F6-A05F-4B0A-936E-664B24649783-e1690821627261-768x180.png 768w, https:\/\/40-ppp.de\/tjinusa\/wp-content\/uploads\/sites\/8\/2023\/07\/6FAA66F6-A05F-4B0A-936E-664B24649783-e1690821627261-1536x360.png 1536w, https:\/\/40-ppp.de\/tjinusa\/wp-content\/uploads\/sites\/8\/2023\/07\/6FAA66F6-A05F-4B0A-936E-664B24649783-e1690821627261.png 1663w\" sizes=\"(max-width: 800px) 100vw, 800px\" \/><\/p><p><span style=\"color: var( --e-global-color-text );font-family: var( --e-global-typography-text-font-family ), Sans-serif;font-size: 1rem\">Durch <\/span><strong style=\"color: var( --e-global-color-text );font-family: var( --e-global-typography-text-font-family ), Sans-serif;font-size: 1rem\">Seminare<\/strong><span style=\"color: var( --e-global-color-text );font-family: var( --e-global-typography-text-font-family ), Sans-serif;font-size: 1rem\"> zu Kultur und Leben in den USA werden die Teilnehmenden umfassend auf ihr Auslandsjahr vorbereitet und die gesamte Zeit \u00fcber durch die Austauschorganisation Cultural Vistas begleitet.<\/span><\/p><p style=\"font-weight: 400\"><strong>Ziel und Zweck<\/strong> des Parlamentarischen Patenschafts-Programms ist es, ein Netzwerk pers\u00f6nlicher Verbindungen zwischen Menschen in den USA und in Deutschland zu kn\u00fcpfen, um gemeinsame politische Wertvorstellungen zu festigen und unterschiedliche Lebensweisen im anderen Land kennenzulernen.<\/p><p style=\"font-weight: 400\">Das PPP ist ein <strong>inklusives Programm<\/strong>, das Personen aus verschiedenen sozialen und beruflichen Hintergr\u00fcnden zusammenbringt und die Vielfalt in unserer Gesellschaft abbildet. Durch seine abwechslungsreichen Programmelemente f\u00f6rdert das PPP den Austausch in allen Lebensbereichen. Damit spielt das PPP eine wegweisende Rolle in der Karriere und im weiteren Leben der Stipendiat:innen.<\/p><p style=\"font-weight: 400\">Alle <strong>weiteren Informationen<\/strong> zum PPP f\u00fcr junge Berufst\u00e4tige und die Online-Bewerbung finden Sie hier: <a href=\"http:\/\/www.usa-ppp.de\/\">www.usa-ppp.de<\/a><\/p>\t\t\t\t\t\t\t\t<\/div>\n\t\t\t\t<\/div>\n\t\t\t\t\t<\/div>\n\t\t<\/div>\n\t\t\t\t\t<\/div>\n\t\t<\/section>\n\t\t\t\t<\/div>\n\t\t","protected":false},"excerpt":{"rendered":"<p>Das Parlamentarische Patenschafts-Programm (PPP) f\u00fcr junge Berufst\u00e4tige ist ein deutsch-amerikanisches Austauschprogramm, das vom Deutschen Bundestag und dem US-Kongress gef\u00f6rdert und von Cultural Vistas gGmbH durchgef\u00fchrt wird. Zielgruppe des Programms sind junge Menschen mit abgeschlossener Berufsausbildung. Das PPP f\u00fcr junge Berufst\u00e4tige ist damit eines weniger Austauschprogramme, das Absolvent:innen einer Berufsausbildung die M\u00f6glichkeit bietet, sich mit einem [&hellip;]<\/p>\n","protected":false},"author":9,"featured_media":91,"parent":0,"menu_order":0,"comment_status":"closed","ping_status":"closed","template":"","meta":{"footnotes":"","_links_to":"","_links_to_target":""},"class_list":["post-87","page","type-page","status-publish","has-post-thumbnail","hentry"],"_links":{"self":[{"href":"https:\/\/40-ppp.de\/tjinusa\/wp-json\/wp\/v2\/pages\/87","targetHints":{"allow":["GET"]}}],"collection":[{"href":"https:\/\/40-ppp.de\/tjinusa\/wp-json\/wp\/v2\/pages"}],"about":[{"href":"https:\/\/40-ppp.de\/tjinusa\/wp-json\/wp\/v2\/types\/page"}],"author":[{"embeddable":true,"href":"https:\/\/40-ppp.de\/tjinusa\/wp-json\/wp\/v2\/users\/9"}],"replies":[{"embeddable":true,"href":"https:\/\/40-ppp.de\/tjinusa\/wp-json\/wp\/v2\/comments?post=87"}],"version-history":[{"count":17,"href":"https:\/\/40-ppp.de\/tjinusa\/wp-json\/wp\/v2\/pages\/87\/revisions"}],"predecessor-version":[{"id":2615,"href":"https:\/\/40-ppp.de\/tjinusa\/wp-json\/wp\/v2\/pages\/87\/revisions\/2615"}],"wp:featuredmedia":[{"embeddable":true,"href":"https:\/\/40-ppp.de\/tjinusa\/wp-json\/wp\/v2\/media\/91"}],"wp:attachment":[{"href":"https:\/\/40-ppp.de\/tjinusa\/wp-json\/wp\/v2\/media?parent=87"}],"curies":[{"name":"wp","href":"https:\/\/api.w.org\/{rel}","templated":true}]}}