{"id":2,"date":"2023-07-05T15:39:05","date_gmt":"2023-07-05T13:39:05","guid":{"rendered":"https:\/\/40-ppp.de\/daniksneuewelt\/?page_id=2"},"modified":"2023-08-22T18:58:49","modified_gmt":"2023-08-22T16:58:49","slug":"beispiel-seite","status":"publish","type":"page","link":"https:\/\/40-ppp.de\/daniksneuewelt\/beispiel-seite\/","title":{"rendered":"Da Nik\u00b4s neue Welt"},"content":{"rendered":"<p>\n\n\n<p>Servus auf meinem Blog<\/p>\n\n\n\n<p>Ich bin der Nik, auch bekannt als D\u00e5 Nik. Als Teilnehmer des 40. PPPs bin ich von August 2023 bis Juli 2024 in den USA im wundersch\u00f6nen College Station, Texas. Dort wohne ich bei der Familie Cotton und gehe an die Texas A&amp;M Universit\u00e4t. In der Heimat in M\u00fcnchen-Tru<\/p>\n\n\n\n<p><a href=\"https:\/\/40-ppp.de\/daniksneuewelt\/wp-admin\/\">dein Dashboard<\/a>&nbsp;aufrufen, um diese Seite zu l\u00f6schen und neue Seiten und Beitr\u00e4ge f\u00fcr deine Website erstellen. Viel Spa\u00df!<\/p>\n\n\n<\/p>","protected":false},"excerpt":{"rendered":"<p>Servus auf meinem Blog Ich bin der Nik, auch bekannt als D\u00e5 Nik. Als Teilnehmer des 40. PPPs bin ich von August 2023 bis Juli 2024 in den USA im wundersch\u00f6nen College Station, Texas. Dort wohne ich bei der Familie Cotton und gehe an die Texas A&amp;M Universit\u00e4t. In der Heimat in M\u00fcnchen-Tru dein Dashboard&nbsp;aufrufen, [&hellip;]<\/p>\n","protected":false},"author":13,"featured_media":0,"parent":0,"menu_order":0,"comment_status":"closed","ping_status":"open","template":"","meta":{"footnotes":"","_links_to":"","_links_to_target":""},"class_list":["post-2","page","type-page","status-publish","hentry"],"_links":{"self":[{"href":"https:\/\/40-ppp.de\/daniksneuewelt\/wp-json\/wp\/v2\/pages\/2","targetHints":{"allow":["GET"]}}],"collection":[{"href":"https:\/\/40-ppp.de\/daniksneuewelt\/wp-json\/wp\/v2\/pages"}],"about":[{"href":"https:\/\/40-ppp.de\/daniksneuewelt\/wp-json\/wp\/v2\/types\/page"}],"author":[{"embeddable":true,"href":"https:\/\/40-ppp.de\/daniksneuewelt\/wp-json\/wp\/v2\/users\/13"}],"replies":[{"embeddable":true,"href":"https:\/\/40-ppp.de\/daniksneuewelt\/wp-json\/wp\/v2\/comments?post=2"}],"version-history":[{"count":8,"href":"https:\/\/40-ppp.de\/daniksneuewelt\/wp-json\/wp\/v2\/pages\/2\/revisions"}],"predecessor-version":[{"id":17,"href":"https:\/\/40-ppp.de\/daniksneuewelt\/wp-json\/wp\/v2\/pages\/2\/revisions\/17"}],"wp:attachment":[{"href":"https:\/\/40-ppp.de\/daniksneuewelt\/wp-json\/wp\/v2\/media?parent=2"}],"curies":[{"name":"wp","href":"https:\/\/api.w.org\/{rel}","templated":true}]}}